{"id":117,"date":"2023-10-07T20:41:15","date_gmt":"2023-10-07T20:41:15","guid":{"rendered":"https:\/\/pacto.abraca.net.br\/?page_id=117"},"modified":"2023-10-07T23:03:27","modified_gmt":"2023-10-07T23:03:27","slug":"pacto","status":"publish","type":"page","link":"https:\/\/pacto.abraca.net.br\/en\/pacto\/","title":{"rendered":"The Pact"},"content":{"rendered":"<p>We present the Pact for Neurodiversity, a list of agreements elaborated by autistic people, with the support of researchers from  University of Bras\u00edlia, to promote inclusion in Brazil. Organizations that sign the Pact for Neurodiversity will commit to these agreements in all their actions. The public will know that such organizations respect neurodivergent people under the terms of the Pact for Neurodiversity.<\/p>\n\n\n\n<h2 class=\"wp-block-heading has-text-align-center\">The Pact for Neurodiversity<\/h2>\n\n\n\n<div class=\"wp-block-columns has-background-color-background-color has-background is-layout-flex wp-container-core-columns-is-layout-28f84493 wp-block-columns-is-layout-flex\">\n<div class=\"wp-block-column is-vertically-aligned-center is-layout-flow wp-block-column-is-layout-flow\" style=\"flex-basis:25%\"><div class=\"wp-block-image\">\n<figure class=\"aligncenter size-full\"><img loading=\"lazy\" decoding=\"async\" width=\"750\" height=\"750\" src=\"https:\/\/pacto.abraca.net.br\/wp-content\/uploads\/2023\/10\/1-Escutar-1.png\" alt=\"\" class=\"wp-image-186\" srcset=\"https:\/\/pacto.abraca.net.br\/wp-content\/uploads\/2023\/10\/1-Escutar-1.png 750w, https:\/\/pacto.abraca.net.br\/wp-content\/uploads\/2023\/10\/1-Escutar-1-300x300.png 300w, https:\/\/pacto.abraca.net.br\/wp-content\/uploads\/2023\/10\/1-Escutar-1-150x150.png 150w\" sizes=\"auto, (max-width: 750px) 100vw, 750px\" \/><\/figure>\n<\/div><\/div>\n\n\n\n<div class=\"wp-block-column is-vertically-aligned-center is-layout-flow wp-block-column-is-layout-flow\" style=\"flex-basis:80%\">\n<h3 class=\"wp-block-heading\">1. Listen<\/h3>\n\n\n\n<p>Listen to the neurodivergent persons, guarantee their freedom of expression and the respect for their opinions, regardless of the subject to be discussed or the form of communication used.<\/p>\n<\/div>\n<\/div>\n\n\n\n<div class=\"wp-block-columns has-white-background-color has-background is-layout-flex wp-container-core-columns-is-layout-28f84493 wp-block-columns-is-layout-flex\">\n<div class=\"wp-block-column is-vertically-aligned-center is-layout-flow wp-block-column-is-layout-flow\" style=\"flex-basis:25%\"><div class=\"wp-block-image\">\n<figure class=\"aligncenter size-full is-resized\"><img loading=\"lazy\" decoding=\"async\" src=\"https:\/\/pacto.abraca.net.br\/wp-content\/uploads\/2023\/10\/2-Respeitar.png\" alt=\"\" class=\"wp-image-191\" style=\"width:178px;height:178px\" width=\"178\" height=\"178\" srcset=\"https:\/\/pacto.abraca.net.br\/wp-content\/uploads\/2023\/10\/2-Respeitar.png 750w, https:\/\/pacto.abraca.net.br\/wp-content\/uploads\/2023\/10\/2-Respeitar-300x300.png 300w, https:\/\/pacto.abraca.net.br\/wp-content\/uploads\/2023\/10\/2-Respeitar-150x150.png 150w\" sizes=\"auto, (max-width: 178px) 100vw, 178px\" \/><\/figure>\n<\/div><\/div>\n\n\n\n<div class=\"wp-block-column is-vertically-aligned-center is-layout-flow wp-block-column-is-layout-flow\" style=\"flex-basis:80%\">\n<h3 class=\"wp-block-heading\">2. Respect<\/h3>\n\n\n\n<p>Strictly respect the protagonism, participation and opinion of neurodivergent persons when making decisions, developing theories and practices related to them. In other words, respect the precept \u201cnothing about us without us\u201d.<\/p>\n<\/div>\n<\/div>\n\n\n\n<div class=\"wp-block-columns has-background-color-background-color has-background is-layout-flex wp-container-core-columns-is-layout-28f84493 wp-block-columns-is-layout-flex\">\n<div class=\"wp-block-column is-vertically-aligned-center is-layout-flow wp-block-column-is-layout-flow\" style=\"flex-basis:25%\">\n<figure class=\"wp-block-image size-full\"><img loading=\"lazy\" decoding=\"async\" width=\"750\" height=\"750\" src=\"https:\/\/pacto.abraca.net.br\/wp-content\/uploads\/2023\/10\/3-Verificar.png\" alt=\"\" class=\"wp-image-192\" srcset=\"https:\/\/pacto.abraca.net.br\/wp-content\/uploads\/2023\/10\/3-Verificar.png 750w, https:\/\/pacto.abraca.net.br\/wp-content\/uploads\/2023\/10\/3-Verificar-300x300.png 300w, https:\/\/pacto.abraca.net.br\/wp-content\/uploads\/2023\/10\/3-Verificar-150x150.png 150w\" sizes=\"auto, (max-width: 750px) 100vw, 750px\" \/><\/figure>\n<\/div>\n\n\n\n<div class=\"wp-block-column is-vertically-aligned-center is-layout-flow wp-block-column-is-layout-flow\" style=\"flex-basis:80%\">\n<h3 class=\"wp-block-heading\">3. Verify<\/h3>\n\n\n\n<p>Verify if the information from studies and services aimed at neurodivergent people to confirm that they are true, ethical and consistent with the wishes and opinions of the target audience before accepting and sharing them.<\/p>\n<\/div>\n<\/div>\n\n\n\n<div class=\"wp-block-columns has-white-background-color has-background is-layout-flex wp-container-core-columns-is-layout-28f84493 wp-block-columns-is-layout-flex\">\n<div class=\"wp-block-column is-vertically-aligned-center is-layout-flow wp-block-column-is-layout-flow\" style=\"flex-basis:25%\">\n<figure class=\"wp-block-image size-full\"><img loading=\"lazy\" decoding=\"async\" width=\"750\" height=\"750\" src=\"https:\/\/pacto.abraca.net.br\/wp-content\/uploads\/2023\/10\/4-Educar.png\" alt=\"\" class=\"wp-image-193\" srcset=\"https:\/\/pacto.abraca.net.br\/wp-content\/uploads\/2023\/10\/4-Educar.png 750w, https:\/\/pacto.abraca.net.br\/wp-content\/uploads\/2023\/10\/4-Educar-300x300.png 300w, https:\/\/pacto.abraca.net.br\/wp-content\/uploads\/2023\/10\/4-Educar-150x150.png 150w\" sizes=\"auto, (max-width: 750px) 100vw, 750px\" \/><\/figure>\n<\/div>\n\n\n\n<div class=\"wp-block-column is-vertically-aligned-center is-layout-flow wp-block-column-is-layout-flow\" style=\"flex-basis:80%\">\n<h3 class=\"wp-block-heading\">4. Educate<\/h3>\n\n\n\n<p>Educate, dialogue and orient your community, in support of the activism for neurodiversity, especially when facing ableist situations.<\/p>\n<\/div>\n<\/div>\n\n\n\n<div class=\"wp-block-columns has-background-color-background-color has-background is-layout-flex wp-container-core-columns-is-layout-28f84493 wp-block-columns-is-layout-flex\">\n<div class=\"wp-block-column is-vertically-aligned-center is-layout-flow wp-block-column-is-layout-flow\" style=\"flex-basis:25%\">\n<figure class=\"wp-block-image size-full\"><img loading=\"lazy\" decoding=\"async\" width=\"750\" height=\"750\" src=\"https:\/\/pacto.abraca.net.br\/wp-content\/uploads\/2023\/10\/5-Defender.png\" alt=\"\" class=\"wp-image-194\" srcset=\"https:\/\/pacto.abraca.net.br\/wp-content\/uploads\/2023\/10\/5-Defender.png 750w, https:\/\/pacto.abraca.net.br\/wp-content\/uploads\/2023\/10\/5-Defender-300x300.png 300w, https:\/\/pacto.abraca.net.br\/wp-content\/uploads\/2023\/10\/5-Defender-150x150.png 150w\" sizes=\"auto, (max-width: 750px) 100vw, 750px\" \/><\/figure>\n<\/div>\n\n\n\n<div class=\"wp-block-column is-vertically-aligned-center is-layout-flow wp-block-column-is-layout-flow\" style=\"flex-basis:80%\">\n<h3 class=\"wp-block-heading\">5. Defend<\/h3>\n\n\n\n<p>Defend the Neurodiversity Movement.<\/p>\n<\/div>\n<\/div>\n\n\n\n<div class=\"wp-block-columns has-white-background-color has-background is-layout-flex wp-container-core-columns-is-layout-28f84493 wp-block-columns-is-layout-flex\">\n<div class=\"wp-block-column is-vertically-aligned-center is-layout-flow wp-block-column-is-layout-flow\" style=\"flex-basis:25%\">\n<figure class=\"wp-block-image size-full\"><img loading=\"lazy\" decoding=\"async\" width=\"750\" height=\"750\" src=\"https:\/\/pacto.abraca.net.br\/wp-content\/uploads\/2023\/10\/6-Monitorar.png\" alt=\"\" class=\"wp-image-196\" srcset=\"https:\/\/pacto.abraca.net.br\/wp-content\/uploads\/2023\/10\/6-Monitorar.png 750w, https:\/\/pacto.abraca.net.br\/wp-content\/uploads\/2023\/10\/6-Monitorar-300x300.png 300w, https:\/\/pacto.abraca.net.br\/wp-content\/uploads\/2023\/10\/6-Monitorar-150x150.png 150w\" sizes=\"auto, (max-width: 750px) 100vw, 750px\" \/><\/figure>\n<\/div>\n\n\n\n<div class=\"wp-block-column is-vertically-aligned-center is-layout-flow wp-block-column-is-layout-flow\" style=\"flex-basis:80%\">\n<h3 class=\"wp-block-heading\">6. Monitor<\/h3>\n\n\n\n<p>Monitor the fulfillment of the applicable laws about the Rights of Persons with Disabilities.<\/p>\n<\/div>\n<\/div>\n\n\n\n<div class=\"wp-block-columns has-background-color-background-color has-background is-layout-flex wp-container-core-columns-is-layout-28f84493 wp-block-columns-is-layout-flex\">\n<div class=\"wp-block-column is-vertically-aligned-center is-layout-flow wp-block-column-is-layout-flow\" style=\"flex-basis:25%\">\n<figure class=\"wp-block-image size-full\"><img loading=\"lazy\" decoding=\"async\" width=\"750\" height=\"750\" src=\"https:\/\/pacto.abraca.net.br\/wp-content\/uploads\/2023\/10\/7-Oportunizar.png\" alt=\"\" class=\"wp-image-195\" srcset=\"https:\/\/pacto.abraca.net.br\/wp-content\/uploads\/2023\/10\/7-Oportunizar.png 750w, https:\/\/pacto.abraca.net.br\/wp-content\/uploads\/2023\/10\/7-Oportunizar-300x300.png 300w, https:\/\/pacto.abraca.net.br\/wp-content\/uploads\/2023\/10\/7-Oportunizar-150x150.png 150w\" sizes=\"auto, (max-width: 750px) 100vw, 750px\" \/><\/figure>\n<\/div>\n\n\n\n<div class=\"wp-block-column is-vertically-aligned-center is-layout-flow wp-block-column-is-layout-flow\" style=\"flex-basis:80%\">\n<h3 class=\"wp-block-heading\">7. Opportunize<\/h3>\n\n\n\n<p>Opportunize inclusion of neurodivergent people and create conditions for them to stay in your company\/organization\/community in all hierarchical levels and different functions.<\/p>\n<\/div>\n<\/div>\n\n\n\n<div class=\"wp-block-columns has-white-background-color has-background is-layout-flex wp-container-core-columns-is-layout-28f84493 wp-block-columns-is-layout-flex\">\n<div class=\"wp-block-column is-vertically-aligned-center is-layout-flow wp-block-column-is-layout-flow\" style=\"flex-basis:25%\">\n<figure class=\"wp-block-image size-full\"><img loading=\"lazy\" decoding=\"async\" width=\"750\" height=\"750\" src=\"https:\/\/pacto.abraca.net.br\/wp-content\/uploads\/2023\/10\/8-Refletir.png\" alt=\"\" class=\"wp-image-198\" srcset=\"https:\/\/pacto.abraca.net.br\/wp-content\/uploads\/2023\/10\/8-Refletir.png 750w, https:\/\/pacto.abraca.net.br\/wp-content\/uploads\/2023\/10\/8-Refletir-300x300.png 300w, https:\/\/pacto.abraca.net.br\/wp-content\/uploads\/2023\/10\/8-Refletir-150x150.png 150w\" sizes=\"auto, (max-width: 750px) 100vw, 750px\" \/><\/figure>\n<\/div>\n\n\n\n<div class=\"wp-block-column is-vertically-aligned-center is-layout-flow wp-block-column-is-layout-flow\" style=\"flex-basis:80%\">\n<h3 class=\"wp-block-heading\">8. Reflect<\/h3>\n\n\n\n<p>Reflect on your behaviors and speech, as well as how they affect the neurodivergent people. Be open for new social deconstructions and reconstructions.<\/p>\n<\/div>\n<\/div>\n\n\n\n<div class=\"wp-block-columns has-background-color-background-color has-background is-layout-flex wp-container-core-columns-is-layout-28f84493 wp-block-columns-is-layout-flex\">\n<div class=\"wp-block-column is-vertically-aligned-center is-layout-flow wp-block-column-is-layout-flow\" style=\"flex-basis:25%\">\n<figure class=\"wp-block-image size-full\"><img loading=\"lazy\" decoding=\"async\" width=\"750\" height=\"750\" src=\"https:\/\/pacto.abraca.net.br\/wp-content\/uploads\/2023\/10\/9-Aplicar-1.png\" alt=\"\" class=\"wp-image-197\" srcset=\"https:\/\/pacto.abraca.net.br\/wp-content\/uploads\/2023\/10\/9-Aplicar-1.png 750w, https:\/\/pacto.abraca.net.br\/wp-content\/uploads\/2023\/10\/9-Aplicar-1-300x300.png 300w, https:\/\/pacto.abraca.net.br\/wp-content\/uploads\/2023\/10\/9-Aplicar-1-150x150.png 150w\" sizes=\"auto, (max-width: 750px) 100vw, 750px\" \/><\/figure>\n<\/div>\n\n\n\n<div class=\"wp-block-column is-vertically-aligned-center is-layout-flow wp-block-column-is-layout-flow\" style=\"flex-basis:80%\">\n<h3 class=\"wp-block-heading\">9. Apply<\/h3>\n\n\n\n<p>Apply all the principles listed above when planning projects and interventions aimed at neurodivergent people<\/p>\n<\/div>\n<\/div>\n\n\n\n<div class=\"wp-block-columns has-white-background-color has-background is-layout-flex wp-container-core-columns-is-layout-28f84493 wp-block-columns-is-layout-flex\">\n<div class=\"wp-block-column is-vertically-aligned-center is-layout-flow wp-block-column-is-layout-flow\" style=\"flex-basis:25%\">\n<figure class=\"wp-block-image size-full\"><img loading=\"lazy\" decoding=\"async\" width=\"750\" height=\"750\" src=\"https:\/\/pacto.abraca.net.br\/wp-content\/uploads\/2023\/10\/10-Celebrar.png\" alt=\"\" class=\"wp-image-190\" srcset=\"https:\/\/pacto.abraca.net.br\/wp-content\/uploads\/2023\/10\/10-Celebrar.png 750w, https:\/\/pacto.abraca.net.br\/wp-content\/uploads\/2023\/10\/10-Celebrar-300x300.png 300w, https:\/\/pacto.abraca.net.br\/wp-content\/uploads\/2023\/10\/10-Celebrar-150x150.png 150w\" sizes=\"auto, (max-width: 750px) 100vw, 750px\" \/><\/figure>\n<\/div>\n\n\n\n<div class=\"wp-block-column is-vertically-aligned-center is-layout-flow wp-block-column-is-layout-flow\" style=\"flex-basis:80%\">\n<h3 class=\"wp-block-heading\">10. Celebrate<\/h3>\n\n\n\n<p>Celebrate Neurodiversity.<\/p>\n<\/div>\n<\/div>","protected":false},"excerpt":{"rendered":"<p>Apresentamos o Pacto pela Neurodiversidade, uma lista de combinados elaborada por pessoas autistas, com o apoio de pesquisadores de p\u00f3s-gradua\u00e7\u00e3o da Universidade de Bras\u00edlia, para a promo\u00e7\u00e3o da inclus\u00e3o no Brasil. Organiza\u00e7\u00f5es que firmarem o Pacto pela Neurodiversidade se comprometer\u00e3o com esses combinados em todas as suas a\u00e7\u00f5es. O p\u00fablico [&hellip;]<\/p>\n","protected":false},"author":1,"featured_media":0,"parent":0,"menu_order":0,"comment_status":"closed","ping_status":"closed","template":"","meta":{"pagelayer_contact_templates":[],"_pagelayer_content":"","footnotes":""},"class_list":["post-117","page","type-page","status-publish","hentry"],"_links":{"self":[{"href":"https:\/\/pacto.abraca.net.br\/en\/wp-json\/wp\/v2\/pages\/117","targetHints":{"allow":["GET"]}}],"collection":[{"href":"https:\/\/pacto.abraca.net.br\/en\/wp-json\/wp\/v2\/pages"}],"about":[{"href":"https:\/\/pacto.abraca.net.br\/en\/wp-json\/wp\/v2\/types\/page"}],"author":[{"embeddable":true,"href":"https:\/\/pacto.abraca.net.br\/en\/wp-json\/wp\/v2\/users\/1"}],"replies":[{"embeddable":true,"href":"https:\/\/pacto.abraca.net.br\/en\/wp-json\/wp\/v2\/comments?post=117"}],"version-history":[{"count":10,"href":"https:\/\/pacto.abraca.net.br\/en\/wp-json\/wp\/v2\/pages\/117\/revisions"}],"predecessor-version":[{"id":212,"href":"https:\/\/pacto.abraca.net.br\/en\/wp-json\/wp\/v2\/pages\/117\/revisions\/212"}],"wp:attachment":[{"href":"https:\/\/pacto.abraca.net.br\/en\/wp-json\/wp\/v2\/media?parent=117"}],"curies":[{"name":"wp","href":"https:\/\/api.w.org\/{rel}","templated":true}]}}