{"id":121,"date":"2023-10-07T20:44:58","date_gmt":"2023-10-07T20:44:58","guid":{"rendered":"https:\/\/pacto.abraca.net.br\/?page_id=121"},"modified":"2024-07-14T21:33:08","modified_gmt":"2024-07-14T21:33:08","slug":"materiais","status":"publish","type":"page","link":"https:\/\/pacto.abraca.net.br\/en\/materiais\/","title":{"rendered":"Materials"},"content":{"rendered":"<p><a href=\"https:\/\/pacto.abraca.net.br\/wp-content\/uploads\/2023\/10\/O-Pacto-pela-Neurodiversidade-PT-BR.pdf\" data-type=\"link\" data-id=\"https:\/\/pacto.abraca.net.br\/wp-content\/uploads\/2023\/10\/O-Pacto-pela-Neurodiversidade-PT-BR.pdf\">O Pacto pela Neurodiversidade &#8211; Vers\u00e3o Ilustrada (Portugu\u00eas do Brasil)<\/a><\/p>\n\n\n\n<p><a href=\"https:\/\/pacto.abraca.net.br\/wp-content\/uploads\/2023\/10\/El-Pacto-por-la-Neurodiversidad-ES.pdf\" data-type=\"link\" data-id=\"https:\/\/pacto.abraca.net.br\/wp-content\/uploads\/2023\/10\/El-Pacto-por-la-Neurodiversidad-ES.pdf\">El Pacto por la Neurodiversidad &#8211; Versi\u00f3n ilustrada (Espa\u00f1ol)<\/a><\/p>\n\n\n\n<p><a href=\"https:\/\/pacto.abraca.net.br\/wp-content\/uploads\/2023\/10\/The-Pact-for-Neurodiversity-EN.pdf\" data-type=\"link\" data-id=\"https:\/\/pacto.abraca.net.br\/wp-content\/uploads\/2023\/10\/The-Pact-for-Neurodiversity-EN.pdf\">The Pact for Neurodiversity &#8211; Illustrated version (English)<\/a><\/p>\n\n\n\n<p><a href=\"https:\/\/pacto.abraca.net.br\/wp-content\/uploads\/2024\/07\/Cartilha-do-Pacto-pela-Neurodiversidade-1.pdf\" data-type=\"link\" data-id=\"https:\/\/pacto.abraca.net.br\/wp-content\/uploads\/2024\/07\/Cartilha-do-Pacto-pela-Neurodiversidade-1.pdf\">Cartilha: O Pacto pela Neurodiversidade (Portugu\u00eas do Brasil)<\/a><\/p>","protected":false},"excerpt":{"rendered":"<p>O Pacto pela Neurodiversidade &#8211; Vers\u00e3o Ilustrada (Portugu\u00eas do Brasil) El Pacto por la Neurodiversidad &#8211; Versi\u00f3n ilustrada (Espa\u00f1ol) The Pact for Neurodiversity &#8211; Illustrated version (English) Cartilha: O Pacto pela Neurodiversidade (Portugu\u00eas do Brasil)<\/p>","protected":false},"author":1,"featured_media":0,"parent":0,"menu_order":0,"comment_status":"closed","ping_status":"closed","template":"","meta":{"pagelayer_contact_templates":[],"_pagelayer_content":"","footnotes":""},"class_list":["post-121","page","type-page","status-publish","hentry"],"_links":{"self":[{"href":"https:\/\/pacto.abraca.net.br\/en\/wp-json\/wp\/v2\/pages\/121","targetHints":{"allow":["GET"]}}],"collection":[{"href":"https:\/\/pacto.abraca.net.br\/en\/wp-json\/wp\/v2\/pages"}],"about":[{"href":"https:\/\/pacto.abraca.net.br\/en\/wp-json\/wp\/v2\/types\/page"}],"author":[{"embeddable":true,"href":"https:\/\/pacto.abraca.net.br\/en\/wp-json\/wp\/v2\/users\/1"}],"replies":[{"embeddable":true,"href":"https:\/\/pacto.abraca.net.br\/en\/wp-json\/wp\/v2\/comments?post=121"}],"version-history":[{"count":5,"href":"https:\/\/pacto.abraca.net.br\/en\/wp-json\/wp\/v2\/pages\/121\/revisions"}],"predecessor-version":[{"id":237,"href":"https:\/\/pacto.abraca.net.br\/en\/wp-json\/wp\/v2\/pages\/121\/revisions\/237"}],"wp:attachment":[{"href":"https:\/\/pacto.abraca.net.br\/en\/wp-json\/wp\/v2\/media?parent=121"}],"curies":[{"name":"wp","href":"https:\/\/api.w.org\/{rel}","templated":true}]}}