{"id":124,"date":"2023-10-07T20:45:41","date_gmt":"2023-10-07T20:45:41","guid":{"rendered":"https:\/\/pacto.abraca.net.br\/?page_id=124"},"modified":"2023-10-07T23:50:18","modified_gmt":"2023-10-07T23:50:18","slug":"projeto","status":"publish","type":"page","link":"https:\/\/pacto.abraca.net.br\/en\/projeto\/","title":{"rendered":"Project"},"content":{"rendered":"<p>In 1998, Judy Singer, an Australian autistic sociologist, coined the term neurodiversity, similarly to \u201cbiodiversity\u201d, to define the diversity of human minds; She thus intended to highlight the variability of thoughts, behaviors, skills and difficulties that human beings experience.<\/p>\n\n\n\n<p>The Pact for Neurodiversity aims to establish with partners a commitment to understanding, supporting and helping to develop autistic people or people with other neurodivergent conditions, that is, those who present different aspects that are considered normal. Neurodivergent people have always existed and many have made important contributions to the Academy and to Humanity, often being described in a caricatural way, or seen as \u201ceccentric\u201d. In this implementation project, we are focused on the academic environment. What we propose, therefore, is that Brazilian Universities consider a step towards their full accessibility, working to fight prejudice and giving such citizens the possibility of having an active participation. <\/p>\n\n\n\n<p>This project is carried out by Abra\u00e7a \u2013 Brazilian Association for Action on the Rights of Autistic People -, with the support of IDA \u2013 International Disability Alliance -, as part of the program to implement the \u201ccommitments for change\u201d of the <a href=\"https:\/\/www.globaldisabilitysummit.org\/\" data-type=\"link\" data-id=\"https:\/\/www.globaldisabilitysummit.org\/\">Global Disability Summit<\/a> (GDS). <\/p>\n\n\n\n<p>The GDS is a summit meeting held periodically since 2018 to propose and promote actions in favor an inclusive development for persons with disabilities. Each event is organized by two countries, one from the North and one from the South, in partnership with the International Disability Alliance (IDA), an international organization that represents organizations of persons with disabilities from all around the world. Government bodies, organizations and other stakeholders can, in this meeting, discuss and establish commitments for change. The next GDS will take place in 2025. Between one event and another, a series of initiatives keep society engaged, support and monitor the actions.<\/p>\n\n\n\n<p>Thats the context is which we can find the Project to Implement the Pact for Neurodiversity. This is a commitment to develop support for autistic people, people with intellectual disabilities, psychosocial disabilities, dyslexia, attention deficit hyperactivity disorder (ADHD) and other neurodivergent conditions. <\/p>\n\n\n\n<p>Despite all the advances regarding the rights of people with disabilities in general, for specific segments we still have a lot to achieve: either because some topics have been historically invisibilized, or because the concept of disability has also evolved and continues to evolve. The general objective is to build respect for neurodiversity, allowing the inclusion and full development and participation of neurodivergent people in the various actions and opportunities offered in the academic environment.<\/p>\n\n\n\n<p>The implementation of the Pact is also aligned with the<\/p>\n\n\n\n<p>A implementa\u00e7\u00e3o do Pacto tamb\u00e9m est\u00e1 alinhada a <a href=\"https:\/\/www.globaldisabilitysummit.org\/pages\/youth-summit\" data-type=\"link\" data-id=\"https:\/\/www.globaldisabilitysummit.org\/pages\/youth-summit\">GDS Youth Charter for Change<\/a> in its actions 3, 8 and 9, and with Sustainable Development Goals 4 and 10.<\/p>\n\n\n\n<div class=\"wp-block-columns is-layout-flex wp-container-core-columns-is-layout-28f84493 wp-block-columns-is-layout-flex\">\n<div class=\"wp-block-column is-vertically-aligned-center is-layout-flow wp-block-column-is-layout-flow\">\n<p class=\"has-text-align-center\"><strong>Support: <\/strong><\/p>\n\n\n<div class=\"wp-block-image\">\n<figure class=\"aligncenter size-full is-resized\"><img loading=\"lazy\" decoding=\"async\" src=\"https:\/\/pacto.abraca.net.br\/wp-content\/uploads\/2023\/10\/Ativo-2pacto-1.png\" alt=\"Sequ\u00eancia com as seguintes logos: Global Disability Summit, Youth Global Disability Summit, International Disability Alliance e Norad\" class=\"wp-image-167\" style=\"width:578px;height:73px\" width=\"578\" height=\"73\" srcset=\"https:\/\/pacto.abraca.net.br\/wp-content\/uploads\/2023\/10\/Ativo-2pacto-1.png 873w, https:\/\/pacto.abraca.net.br\/wp-content\/uploads\/2023\/10\/Ativo-2pacto-1-300x38.png 300w, https:\/\/pacto.abraca.net.br\/wp-content\/uploads\/2023\/10\/Ativo-2pacto-1-768x98.png 768w\" sizes=\"auto, (max-width: 578px) 100vw, 578px\" \/><\/figure>\n<\/div><\/div>\n<\/div>\n\n\n\n<p> <\/p>","protected":false},"excerpt":{"rendered":"<p>Em 1998, Judy Singer, soci\u00f3loga autista australiana, cunhou o termo neurodiversidade, \u00e0 semelhan\u00e7a de &#8220;biodiversidade\u201d, para definir a diversidade de mentes humanas; pretendia, assim, salientar a variabilidade de pensamentos, comportamentos, habilidades e dificuldades que os seres humanos vivenciam. O Pacto pela Neurodiversidade pretende estabelecer com institui\u00e7\u00f5es parceiras o compromisso de [&hellip;]<\/p>\n","protected":false},"author":1,"featured_media":0,"parent":0,"menu_order":0,"comment_status":"closed","ping_status":"closed","template":"","meta":{"pagelayer_contact_templates":[],"_pagelayer_content":"","footnotes":""},"class_list":["post-124","page","type-page","status-publish","hentry"],"_links":{"self":[{"href":"https:\/\/pacto.abraca.net.br\/en\/wp-json\/wp\/v2\/pages\/124","targetHints":{"allow":["GET"]}}],"collection":[{"href":"https:\/\/pacto.abraca.net.br\/en\/wp-json\/wp\/v2\/pages"}],"about":[{"href":"https:\/\/pacto.abraca.net.br\/en\/wp-json\/wp\/v2\/types\/page"}],"author":[{"embeddable":true,"href":"https:\/\/pacto.abraca.net.br\/en\/wp-json\/wp\/v2\/users\/1"}],"replies":[{"embeddable":true,"href":"https:\/\/pacto.abraca.net.br\/en\/wp-json\/wp\/v2\/comments?post=124"}],"version-history":[{"count":6,"href":"https:\/\/pacto.abraca.net.br\/en\/wp-json\/wp\/v2\/pages\/124\/revisions"}],"predecessor-version":[{"id":223,"href":"https:\/\/pacto.abraca.net.br\/en\/wp-json\/wp\/v2\/pages\/124\/revisions\/223"}],"wp:attachment":[{"href":"https:\/\/pacto.abraca.net.br\/en\/wp-json\/wp\/v2\/media?parent=124"}],"curies":[{"name":"wp","href":"https:\/\/api.w.org\/{rel}","templated":true}]}}