{"id":92,"date":"2023-10-07T20:10:40","date_gmt":"2023-10-07T20:10:40","guid":{"rendered":"https:\/\/pacto.abraca.net.br\/?page_id=92"},"modified":"2023-10-07T22:25:08","modified_gmt":"2023-10-07T22:25:08","slug":"equipe","status":"publish","type":"page","link":"https:\/\/pacto.abraca.net.br\/en\/equipe\/","title":{"rendered":"Team"},"content":{"rendered":"<figure class=\"wp-block-image size-full is-resized\"><img loading=\"lazy\" decoding=\"async\" src=\"https:\/\/pacto.abraca.net.br\/wp-content\/uploads\/2023\/10\/0-Pacto-1.png\" alt=\"\" class=\"wp-image-181\" style=\"object-fit:cover;width:150px;height:150px\" width=\"150\" height=\"150\" srcset=\"https:\/\/pacto.abraca.net.br\/wp-content\/uploads\/2023\/10\/0-Pacto-1.png 300w, https:\/\/pacto.abraca.net.br\/wp-content\/uploads\/2023\/10\/0-Pacto-1-150x150.png 150w\" sizes=\"auto, (max-width: 150px) 100vw, 150px\" \/><\/figure>\n\n\n\n<h3 class=\"wp-block-heading\">The Pact's text<\/h3>\n\n\n\n<p>The Pact for Neurodiversity is the result of collective construction, going beyond the limits of organizations or entities. The following people participated, to a greater or lesser extent, occasionally or continuously, in the <strong>Pact's text development<\/strong>:<\/p>\n\n\n\n<ul class=\"wp-block-list\">\n<li>Amanda Paschoal<\/li>\n\n\n\n<li>Ana C\u00e2ndida Carvalho<\/li>\n\n\n\n<li>Bianca da N\u00f3brega Rugoski<\/li>\n\n\n\n<li>Camila Jasmin Martins<\/li>\n\n\n\n<li>\u00c9rica Curado<\/li>\n\n\n\n<li>Fernanda de Almeida Santana<\/li>\n\n\n\n<li>Raphaella Caldas<\/li>\n\n\n\n<li>Rita Louzeiro<\/li>\n\n\n\n<li>Roselene Candida Alves<\/li>\n\n\n\n<li>Luciana Viegas<\/li>\n\n\n\n<li>Luiz Henrique Magnani<\/li>\n\n\n\n<li>Sophia Mendon\u00e7a<\/li>\n\n\n\n<li>Val\u00e9ria Aydos Ros\u00e1rio<\/li>\n\n\n\n<li>Victor Guevara<\/li>\n\n\n\n<li>William de Jesus Silva<\/li>\n\n\n\n<li>The implementation Project<\/li>\n<\/ul>\n\n\n\n<h3 class=\"wp-block-heading\">The implementation Project<\/h3>\n\n\n\n<p id=\"equipe\">The following people participated, at different levels and in different ways, in the <strong>Project to Implement the Pact for Neurodiversity,<\/strong>carried out by Abra\u00e7a \u2013 Brazilian Association for Action for the Rights of Autistic People \u2013 with the support of IDA \u2013 <em>International Disability Alliance<\/em> \u2013 and Norad \u2013 <em>Norwegian Agency for Development Cooperation<\/em> -, as part of the Global Disability Summit Commitments for Change implementation program:<\/p>\n\n\n\n<ul class=\"wp-block-list\">\n<li>Alexandre Mapurunga<\/li>\n\n\n\n<li>Argemiro de Paula Garcia Filho<\/li>\n\n\n\n<li>Bruna de Almeida Santana<\/li>\n\n\n\n<li>Fernanda de Almeida Santana<\/li>\n\n\n\n<li>Mariene Martins Maciel<\/li>\n\n\n\n<li>Rita Louzeiro<\/li>\n\n\n\n<li>Luiz Henrique Magnani<\/li>\n\n\n\n<li>Val\u00e9ria Aydos Ros\u00e1rio<\/li>\n\n\n\n<li>William de Jesus Silva<\/li>\n<\/ul>\n\n\n\n<p><\/p>","protected":false},"excerpt":{"rendered":"<p>O texto do Pacto O Pacto pela Neurodiversidade \u00e9 fruto de constru\u00e7\u00e3o coletiva, extrapolando os limites de organiza\u00e7\u00f5es ou entidades. As seguintes pessoas participaram, em maior ou menor grau, pontual ou continuamente, do desenvolvimento do texto do Pacto: O Projeto de Implementa\u00e7\u00e3o As seguintes pessoas participaram, em diferentes n\u00edveis e [&hellip;]<\/p>\n","protected":false},"author":1,"featured_media":0,"parent":0,"menu_order":0,"comment_status":"closed","ping_status":"closed","template":"","meta":{"pagelayer_contact_templates":[],"_pagelayer_content":"","footnotes":""},"class_list":["post-92","page","type-page","status-publish","hentry"],"_links":{"self":[{"href":"https:\/\/pacto.abraca.net.br\/en\/wp-json\/wp\/v2\/pages\/92","targetHints":{"allow":["GET"]}}],"collection":[{"href":"https:\/\/pacto.abraca.net.br\/en\/wp-json\/wp\/v2\/pages"}],"about":[{"href":"https:\/\/pacto.abraca.net.br\/en\/wp-json\/wp\/v2\/types\/page"}],"author":[{"embeddable":true,"href":"https:\/\/pacto.abraca.net.br\/en\/wp-json\/wp\/v2\/users\/1"}],"replies":[{"embeddable":true,"href":"https:\/\/pacto.abraca.net.br\/en\/wp-json\/wp\/v2\/comments?post=92"}],"version-history":[{"count":4,"href":"https:\/\/pacto.abraca.net.br\/en\/wp-json\/wp\/v2\/pages\/92\/revisions"}],"predecessor-version":[{"id":182,"href":"https:\/\/pacto.abraca.net.br\/en\/wp-json\/wp\/v2\/pages\/92\/revisions\/182"}],"wp:attachment":[{"href":"https:\/\/pacto.abraca.net.br\/en\/wp-json\/wp\/v2\/media?parent=92"}],"curies":[{"name":"wp","href":"https:\/\/api.w.org\/{rel}","templated":true}]}}